{"id":969,"date":"2018-07-09T12:06:53","date_gmt":"2018-07-09T10:06:53","guid":{"rendered":"http:\/\/www.electromagmotor.com\/?page_id=969"},"modified":"2026-01-25T20:55:49","modified_gmt":"2026-01-25T19:55:49","slug":"geschichte","status":"publish","type":"page","link":"https:\/\/www.electromagmotor.com\/de\/unternehmen\/geschichte\/","title":{"rendered":"Geschichte"},"content":{"rendered":"<div id=\"pl-91\" class=\"panel-layout\">\n<div id=\"pg-91-0\" class=\"panel-grid panel-no-style\" data-style=\"{&quot;background_image_attachment&quot;:false,&quot;background_display&quot;:&quot;tile&quot;,&quot;cell_alignment&quot;:&quot;flex-start&quot;}\" data-ratio=\"1\" data-ratio-direction=\"right\">\n<div id=\"pgc-91-0-0\" class=\"panel-grid-cell\" data-weight=\"1\">\n<div id=\"panel-91-0-0-0\" class=\"so-panel widget widget_sow-editor panel-first-child panel-last-child\" data-index=\"0\" data-style=\"{&quot;background_image_attachment&quot;:false,&quot;background_display&quot;:&quot;tile&quot;}\">\n<div class=\"so-widget-sow-editor so-widget-sow-editor-base\">\n<div class=\"siteorigin-widget-tinymce textwidget\">\n<h1>Geschichte<\/h1>\n<p><img loading=\"lazy\" decoding=\"async\" class=\"alignleft wp-image-565\" src=\"http:\/\/www.electromagmotor.com\/wp-content\/uploads\/2018\/06\/historique-300x200.jpg\" alt=\"\" width=\"390\" height=\"260\" srcset=\"https:\/\/www.electromagmotor.com\/wp-content\/uploads\/2018\/06\/historique-300x200.jpg 300w, https:\/\/www.electromagmotor.com\/wp-content\/uploads\/2018\/06\/historique-768x512.jpg 768w, https:\/\/www.electromagmotor.com\/wp-content\/uploads\/2018\/06\/historique-1024x683.jpg 1024w\" sizes=\"auto, (max-width: 390px) 100vw, 390px\" \/><\/p>\n<h2>Geburt des Bedarfs<\/h2>\n<p>Das Angebot im Bereich der b\u00fcrstenlosen Motoren betraf haupts\u00e4chlich Standardmotoren. Bei Neuentwicklungen konnten einige Kunden diese Standardmotoren nicht in ihre neuen Produkte integrieren und suchten stattdessen nach ma\u00dfgeschneiderten Motorisierungsl\u00f6sungen, die perfekt auf ihre Bed\u00fcrfnisse zugeschnitten waren. Auf dieser Basis wurde 2003 die Electromag gegr\u00fcndet.<\/p>\n<p><em>&#8222;Mein Ziel war es, die Anforderungen von Kunden zu erf\u00fcllen, die keine auf ihre Bed\u00fcrfnisse abgestimmte Motorl\u00f6sung finden konnten; ich sagte mir, dass wir ihre Anforderungen nicht unbefriedigt lassen konnten. Vincent Comte &#8211; Gr\u00fcnder der Electromag SA<\/em><\/p>\n<\/div>\n<\/div>\n<\/div>\n<\/div>\n<\/div>\n<\/div>\n<div id=\"pl-91\" class=\"panel-layout\">\n<div id=\"pg-91-0\" class=\"panel-grid panel-no-style\" data-style=\"{&quot;background_image_attachment&quot;:false,&quot;background_display&quot;:&quot;tile&quot;,&quot;cell_alignment&quot;:&quot;flex-start&quot;}\" data-ratio=\"1\" data-ratio-direction=\"right\">\n<div id=\"pgc-91-0-0\" class=\"panel-grid-cell\" data-weight=\"1\">\n<div id=\"panel-91-0-0-0\" class=\"so-panel widget widget_sow-editor panel-first-child panel-last-child\" data-index=\"0\" data-style=\"{&quot;background_image_attachment&quot;:false,&quot;background_display&quot;:&quot;tile&quot;}\">\n<div class=\"so-widget-sow-editor so-widget-sow-editor-base\">\n<div class=\"siteorigin-widget-tinymce textwidget\">\n<hr \/>\n<h3>2003<\/h3>\n<p>Gr\u00fcndung der Electromag SA in Lausanne &#8211; Schweiz. Das Unternehmen hat seinen Sitz im Ecublens Science Park (EPFL-Campus), um die Synergien mit den Forschungsabteilungen der Schule zu nutzen.<\/p>\n<h3>2006<\/h3>\n<p>Produktionsanlauf eines speziellen kompakten Ringkernwickelmotors f\u00fcr L\u00fcfteranwendungen<\/p>\n<h3>2007<\/h3>\n<p>Produktionsanlauf eines integrierten Motors f\u00fcr die Dentalendodontie<\/p>\n<h3>2008<\/h3>\n<p>Umzug des Unternehmens in gr\u00f6\u00dfere Geb\u00e4ude in Ecublens<\/p>\n<h3>2011<\/h3>\n<p>Patent f\u00fcr innovatives Wickelkonzept zur Erzielung hoher Leistungsdichte und Reduzierung von Verlusten bei hohen Drehzahlen erteilt<\/p>\n<h3>2011<\/h3>\n<p>Erwerb einer neuen Fl\u00e4che in Ecublens und Verdoppelung der Produktionskapazit\u00e4t<\/p>\n<h3>2013<\/h3>\n<p>Installation von halbautomatischen Maschinen zur Herstellung von medizinischen Beatmungsmotoren in mittleren St\u00fcckzahlen (\u00fcber 10&#8217;000 St\u00fcck\/Jahr)<\/p>\n<h3>2014<\/h3>\n<p>Produktionsstart eines miniaturisierten endodontischen Motors<\/p>\n<h3>2016<\/h3>\n<p>Zertifizierung nach ISO9001 und ISO13485<\/p>\n<h3>2018<\/h3>\n<p>Installation einer zus\u00e4tzlichen automatischen Produktionslinie f\u00fcr hohe St\u00fcckzahlen<\/p>\n<h3>2019<\/h3>\n<p>Firmenzertifizierung nach ISO13485:2016<\/p>\n<h3>2021<\/h3>\n<p>Acquisition der Firma durch die Mabuchi Motor Gruppe<\/p>\n<div class=\"siteorigin-widget-tinymce textwidget\">\n<h3>2025<\/h3>\n<\/div>\n<p>Firmenzertifizierung nach ISO 14001:2015<\/p>\n<\/div>\n<\/div>\n<\/div>\n<\/div>\n<\/div>\n<\/div>\n","protected":false},"excerpt":{"rendered":"<p class=\"event-desc\">Geschichte<\/p>\n<p class=\"event-desc\">Geburt des Bedarfs<br \/>\nDas Angebot im Bereich der b\u00fcrstenlosen Motoren betraf haupts\u00e4chlich Standardmotoren. Bei Neuentwicklungen konnten einige Kunden diese Standardmotoren nicht in ihre neuen Produkte integrieren und suchten stattdessen nach ma\u00dfgeschneiderten Motorisierungsl\u00f6sungen, die perfekt auf ihre Bed\u00fcrfnisse zugeschnitten waren. Auf dieser  [&#8230;]<\/p>\n","protected":false},"author":1,"featured_media":0,"parent":963,"menu_order":82,"comment_status":"closed","ping_status":"closed","template":"","meta":{"_acf_changed":false,"footnotes":""},"class_list":["post-969","page","type-page","status-publish","hentry"],"acf":[],"_links":{"self":[{"href":"https:\/\/www.electromagmotor.com\/de\/wp-json\/wp\/v2\/pages\/969","targetHints":{"allow":["GET"]}}],"collection":[{"href":"https:\/\/www.electromagmotor.com\/de\/wp-json\/wp\/v2\/pages"}],"about":[{"href":"https:\/\/www.electromagmotor.com\/de\/wp-json\/wp\/v2\/types\/page"}],"author":[{"embeddable":true,"href":"https:\/\/www.electromagmotor.com\/de\/wp-json\/wp\/v2\/users\/1"}],"replies":[{"embeddable":true,"href":"https:\/\/www.electromagmotor.com\/de\/wp-json\/wp\/v2\/comments?post=969"}],"version-history":[{"count":11,"href":"https:\/\/www.electromagmotor.com\/de\/wp-json\/wp\/v2\/pages\/969\/revisions"}],"predecessor-version":[{"id":4823,"href":"https:\/\/www.electromagmotor.com\/de\/wp-json\/wp\/v2\/pages\/969\/revisions\/4823"}],"up":[{"embeddable":true,"href":"https:\/\/www.electromagmotor.com\/de\/wp-json\/wp\/v2\/pages\/963"}],"wp:attachment":[{"href":"https:\/\/www.electromagmotor.com\/de\/wp-json\/wp\/v2\/media?parent=969"}],"curies":[{"name":"wp","href":"https:\/\/api.w.org\/{rel}","templated":true}]}}