{"id":967,"date":"2018-07-09T11:59:28","date_gmt":"2018-07-09T09:59:28","guid":{"rendered":"http:\/\/www.electromagmotor.com\/?page_id=967"},"modified":"2018-08-14T11:11:58","modified_gmt":"2018-08-14T09:11:58","slug":"fachwissen","status":"publish","type":"page","link":"https:\/\/www.electromagmotor.com\/de\/unternehmen\/fachwissen\/","title":{"rendered":"Fachwissen"},"content":{"rendered":"<h1>Fachwissen<\/h1>\n<h2>Leistungsstarke Antriebsl\u00f6sungen<\/h2>\n<p><img loading=\"lazy\" decoding=\"async\" class=\"alignright wp-image-1030\" src=\"http:\/\/www.electromagmotor.com\/wp-content\/uploads\/2018\/07\/qui-sommes-nous-300x225.jpg\" alt=\"\" width=\"450\" height=\"338\" srcset=\"https:\/\/www.electromagmotor.com\/wp-content\/uploads\/2018\/07\/qui-sommes-nous-300x225.jpg 300w, https:\/\/www.electromagmotor.com\/wp-content\/uploads\/2018\/07\/qui-sommes-nous.jpg 720w\" sizes=\"auto, (max-width: 450px) 100vw, 450px\" \/>Die f\u00fcr ihre au\u00dfergew\u00f6hnlichen Leistungen und ihre hohe Zuverl\u00e4ssigkeit anerkannten und gesch\u00e4tztenElectromag-Motoren sind in modernste Anwendungen integriert und werden weltweit von marktf\u00fchrenden Unternehmen eingesetzt.<\/p>\n<h2>Produktentwicklung und Herstellungsprozess<\/h2>\n<p>Unsere Ingenieure gew\u00e4hrleisten die Entwicklung der Produkte sowie deren Herstellungsprozesse, von der Erstellung des Pflichtenhefts bis hin zum Produktionsstart. Alle Entwicklungsphasen (Prototyp, Validierung und Nullserie) werden intern koordiniert, um den Erfolg des Projekts zu garantieren.<\/p>\n<h2>Beratung auf hohem Niveau<\/h2>\n<p>Electromag bevorzugt und entwickelt gerne partnerschaftliche Beziehungen mit Kunden. Wir beraten, schlagen optimierte L\u00f6sungen f\u00fcr ihre Anwendungen vor und arbeiten eng mit ihren technischen Teams zusammen.<\/p>\n<h2><img loading=\"lazy\" decoding=\"async\" class=\"alignleft wp-image-1334\" src=\"http:\/\/www.electromagmotor.com\/wp-content\/uploads\/2018\/08\/MG_0879_r-300x200.jpg\" alt=\"\" width=\"450\" height=\"300\" srcset=\"https:\/\/www.electromagmotor.com\/wp-content\/uploads\/2018\/08\/MG_0879_r-300x200.jpg 300w, https:\/\/www.electromagmotor.com\/wp-content\/uploads\/2018\/08\/MG_0879_r-768x512.jpg 768w, https:\/\/www.electromagmotor.com\/wp-content\/uploads\/2018\/08\/MG_0879_r-1024x683.jpg 1024w, https:\/\/www.electromagmotor.com\/wp-content\/uploads\/2018\/08\/MG_0879_r.jpg 1920w\" sizes=\"auto, (max-width: 450px) 100vw, 450px\" \/>Garantie f\u00fcr einwandfreie Qualit\u00e4t<\/h2>\n<p>Die Electromag-Motoren werden in der Schweiz gebaut und getestet. Die Bauteile und Baugruppen, die wir \u00fcber ein Netz an hochwertigen Zulieferern beschaffen, werden nach strengen Kriterien ausgew\u00e4hlt.<\/p>\n","protected":false},"excerpt":{"rendered":"<p class=\"event-desc\">Fachwissen<br \/>\nLeistungsstarke Antriebsl\u00f6sungen<br \/>\nDie f\u00fcr ihre au\u00dfergew\u00f6hnlichen Leistungen und ihre hohe Zuverl\u00e4ssigkeit anerkannten und gesch\u00e4tztenElectromag-Motoren sind in modernste Anwendungen integriert und werden weltweit von marktf\u00fchrenden Unternehmen eingesetzt.<br \/>\nProduktentwicklung und Herstellungsprozess<br \/>\nUnsere Ingenieure gew\u00e4hrleisten die Entwicklung der Produkte sowie deren Herstellungsprozesse, von der Erstellung des  [&#8230;]<\/p>\n","protected":false},"author":1,"featured_media":0,"parent":963,"menu_order":62,"comment_status":"closed","ping_status":"closed","template":"","meta":{"_acf_changed":false,"footnotes":""},"class_list":["post-967","page","type-page","status-publish","hentry"],"acf":[],"_links":{"self":[{"href":"https:\/\/www.electromagmotor.com\/de\/wp-json\/wp\/v2\/pages\/967","targetHints":{"allow":["GET"]}}],"collection":[{"href":"https:\/\/www.electromagmotor.com\/de\/wp-json\/wp\/v2\/pages"}],"about":[{"href":"https:\/\/www.electromagmotor.com\/de\/wp-json\/wp\/v2\/types\/page"}],"author":[{"embeddable":true,"href":"https:\/\/www.electromagmotor.com\/de\/wp-json\/wp\/v2\/users\/1"}],"replies":[{"embeddable":true,"href":"https:\/\/www.electromagmotor.com\/de\/wp-json\/wp\/v2\/comments?post=967"}],"version-history":[{"count":7,"href":"https:\/\/www.electromagmotor.com\/de\/wp-json\/wp\/v2\/pages\/967\/revisions"}],"predecessor-version":[{"id":1482,"href":"https:\/\/www.electromagmotor.com\/de\/wp-json\/wp\/v2\/pages\/967\/revisions\/1482"}],"up":[{"embeddable":true,"href":"https:\/\/www.electromagmotor.com\/de\/wp-json\/wp\/v2\/pages\/963"}],"wp:attachment":[{"href":"https:\/\/www.electromagmotor.com\/de\/wp-json\/wp\/v2\/media?parent=967"}],"curies":[{"name":"wp","href":"https:\/\/api.w.org\/{rel}","templated":true}]}}