{"id":1102,"date":"2018-06-13T13:33:29","date_gmt":"2018-06-13T11:33:29","guid":{"rendered":"http:\/\/www.electromagmotor.com\/controle-dentree\/"},"modified":"2018-08-16T13:32:47","modified_gmt":"2018-08-16T11:32:47","slug":"eingangskontrolle","status":"publish","type":"page","link":"https:\/\/www.electromagmotor.com\/de\/qualitaet\/eingangskontrolle\/","title":{"rendered":"Eingangskontrolle"},"content":{"rendered":"<div id=\"pl-1102\"  class=\"panel-layout\" ><div id=\"pg-1102-0\"  class=\"panel-grid panel-no-style\" ><div id=\"pgc-1102-0-0\"  class=\"panel-grid-cell\" ><div id=\"panel-1102-0-0-0\" class=\"so-panel widget widget_sow-editor panel-first-child panel-last-child\" data-index=\"0\" ><div\n\t\t\t\n\t\t\tclass=\"so-widget-sow-editor so-widget-sow-editor-base\"\n\t\t\t\n\t\t>\n<div class=\"siteorigin-widget-tinymce textwidget\">\n\t<h1>Eingangskontrolle<\/h1>\n<p>Die Eingangskontrolle ist ein wichtiger Schritt bei Electromag. Durch die sorgf\u00e4ltige Kontrolle der kritischen Werte bestimmter Komponenten kann die Motorleistung f\u00fcr die gesamte Produktion gew\u00e4hrleistet werden.<\/p>\n<\/div>\n<\/div><\/div><\/div><\/div><div id=\"pg-1102-1\"  class=\"panel-grid panel-no-style\" ><div id=\"pgc-1102-1-0\"  class=\"panel-grid-cell\" ><div id=\"panel-1102-1-0-0\" class=\"so-panel widget widget_media_image panel-first-child panel-last-child\" data-index=\"1\" ><img loading=\"lazy\" decoding=\"async\" width=\"450\" height=\"300\" src=\"https:\/\/www.electromagmotor.com\/wp-content\/uploads\/2018\/06\/controle-1-768x512.jpg\" class=\"image wp-image-658  attachment-450x300 size-450x300\" alt=\"\" style=\"max-width: 100%; height: auto;\" srcset=\"https:\/\/www.electromagmotor.com\/wp-content\/uploads\/2018\/06\/controle-1-768x512.jpg 768w, https:\/\/www.electromagmotor.com\/wp-content\/uploads\/2018\/06\/controle-1-300x200.jpg 300w, https:\/\/www.electromagmotor.com\/wp-content\/uploads\/2018\/06\/controle-1-1024x683.jpg 1024w\" sizes=\"auto, (max-width: 450px) 100vw, 450px\" \/><\/div><\/div><div id=\"pgc-1102-1-1\"  class=\"panel-grid-cell\" ><div id=\"panel-1102-1-1-0\" class=\"so-panel widget widget_media_image panel-first-child panel-last-child\" data-index=\"2\" ><img loading=\"lazy\" decoding=\"async\" width=\"200\" height=\"300\" src=\"https:\/\/www.electromagmotor.com\/wp-content\/uploads\/2018\/08\/Electromag_machine1-200x300.jpg\" class=\"image wp-image-1488  attachment-medium size-medium\" alt=\"\" style=\"max-width: 100%; height: auto;\" srcset=\"https:\/\/www.electromagmotor.com\/wp-content\/uploads\/2018\/08\/Electromag_machine1-200x300.jpg 200w, https:\/\/www.electromagmotor.com\/wp-content\/uploads\/2018\/08\/Electromag_machine1-768x1152.jpg 768w, https:\/\/www.electromagmotor.com\/wp-content\/uploads\/2018\/08\/Electromag_machine1-683x1024.jpg 683w, https:\/\/www.electromagmotor.com\/wp-content\/uploads\/2018\/08\/Electromag_machine1-e1534750639110.jpg 600w\" sizes=\"auto, (max-width: 200px) 100vw, 200px\" \/><\/div><\/div><\/div><\/div>","protected":false},"excerpt":{"rendered":"<p class=\"event-desc\">Eingangskontrolle Die Eingangskontrolle ist ein wichtiger Schritt bei Electromag. Durch die sorgf\u00e4ltige Kontrolle der kritischen Werte bestimmter Komponenten kann die Motorleistung f\u00fcr die gesamte Produktion gew\u00e4hrleistet werden.<\/p>\n","protected":false},"author":1,"featured_media":0,"parent":1178,"menu_order":55,"comment_status":"closed","ping_status":"closed","template":"","meta":{"_acf_changed":false,"footnotes":""},"class_list":["post-1102","page","type-page","status-publish","hentry"],"acf":[],"_links":{"self":[{"href":"https:\/\/www.electromagmotor.com\/de\/wp-json\/wp\/v2\/pages\/1102","targetHints":{"allow":["GET"]}}],"collection":[{"href":"https:\/\/www.electromagmotor.com\/de\/wp-json\/wp\/v2\/pages"}],"about":[{"href":"https:\/\/www.electromagmotor.com\/de\/wp-json\/wp\/v2\/types\/page"}],"author":[{"embeddable":true,"href":"https:\/\/www.electromagmotor.com\/de\/wp-json\/wp\/v2\/users\/1"}],"replies":[{"embeddable":true,"href":"https:\/\/www.electromagmotor.com\/de\/wp-json\/wp\/v2\/comments?post=1102"}],"version-history":[{"count":10,"href":"https:\/\/www.electromagmotor.com\/de\/wp-json\/wp\/v2\/pages\/1102\/revisions"}],"predecessor-version":[{"id":1494,"href":"https:\/\/www.electromagmotor.com\/de\/wp-json\/wp\/v2\/pages\/1102\/revisions\/1494"}],"up":[{"embeddable":true,"href":"https:\/\/www.electromagmotor.com\/de\/wp-json\/wp\/v2\/pages\/1178"}],"wp:attachment":[{"href":"https:\/\/www.electromagmotor.com\/de\/wp-json\/wp\/v2\/media?parent=1102"}],"curies":[{"name":"wp","href":"https:\/\/api.w.org\/{rel}","templated":true}]}}