{"id":1082,"date":"2018-06-13T11:58:51","date_gmt":"2018-06-13T09:58:51","guid":{"rendered":"http:\/\/www.electromagmotor.com\/produkte\/principales-etapes-de-developpement\/"},"modified":"2018-08-13T16:02:58","modified_gmt":"2018-08-13T14:02:58","slug":"die-hauptstadien-der-entwicklung","status":"publish","type":"page","link":"https:\/\/www.electromagmotor.com\/de\/expertise\/die-hauptstadien-der-entwicklung\/","title":{"rendered":"Die Hauptstadien der Entwicklung"},"content":{"rendered":"<div id=\"pl-1082\"  class=\"panel-layout\" ><div id=\"pg-1082-0\"  class=\"panel-grid panel-no-style\" ><div id=\"pgc-1082-0-0\"  class=\"panel-grid-cell\" ><div id=\"panel-1082-0-0-0\" class=\"so-panel widget widget_sow-editor panel-first-child panel-last-child\" data-index=\"0\" ><div\n\t\t\t\n\t\t\tclass=\"so-widget-sow-editor so-widget-sow-editor-base\"\n\t\t\t\n\t\t>\n<div class=\"siteorigin-widget-tinymce textwidget\">\n\t<h1>Die Hauptstadien der Entwicklung<\/h1>\n<h2>Erarbeitung der Spezifikationen<\/h2>\n<p>Aufbauend auf unserer umfassenden Entwicklungserfahrung fertigen wir den Vorgaben entsprechend b\u00fcrstenlose Motoren, die spezifischen Anwendungen dienen und individuell auf den jeweiligen Kunden ausgerichtet sind. Unsere Ingenieure sind in der Lage, neue b\u00fcrstenlose Motoren sowohl auf Basis detaillierter technischer Spezifikationen als auch einfacher Entwurfszeichnungen zu entwickeln. In letzterem Fall werden die Spezifikationen in enger Zusammenarbeit mit dem Kunden definiert, um dessen Anforderungen bestm\u00f6glich zu entsprechen.<\/p>\n<h2>Produktsimulation und mechanische Konstruktion<\/h2>\n<h4>Beherrschung der Elektrotechnik<\/h4>\n<p>Unsere Expertise in der Elektrotechnik ist eines der Fundamente von Electromag. Dank unserem Team aus Ingenieuren mit langj\u00e4hriger Erfahrung, verf\u00fcgen wir intern \u00fcber erstklassige Ressourcen. Dar\u00fcber hinaus sind wir durch unsere Simulationsverfahren per Finite-Elemente-Methode in der Lage, komplexe Magnetkreise zu modellieren und diverse Optimierungsprobleme zu l\u00f6sen. Mit Hilfe dieser Mittel k\u00f6nnen die Leistungen von Standard-Motoren \u00fcbertroffen und innovative Entwicklungen umgesetzt werden.<\/p>\n<\/div>\n<\/div><\/div><\/div><\/div><div id=\"pg-1082-1\"  class=\"panel-grid panel-no-style\" ><div id=\"pgc-1082-1-0\"  class=\"panel-grid-cell panel-grid-cell-empty\" ><\/div><div id=\"pgc-1082-1-1\"  class=\"panel-grid-cell panel-grid-cell-mobile-last\" ><div id=\"panel-1082-1-1-0\" class=\"so-panel widget widget_media_image panel-first-child panel-last-child\" data-index=\"1\" ><img loading=\"lazy\" decoding=\"async\" width=\"244\" height=\"230\" src=\"https:\/\/www.electromagmotor.com\/wp-content\/uploads\/2018\/06\/produits-principales_etapes-3-300x283.png\" class=\"image wp-image-609  attachment-244x230 size-244x230\" alt=\"\" style=\"max-width: 100%; height: auto;\" srcset=\"https:\/\/www.electromagmotor.com\/wp-content\/uploads\/2018\/06\/produits-principales_etapes-3-300x283.png 300w, https:\/\/www.electromagmotor.com\/wp-content\/uploads\/2018\/06\/produits-principales_etapes-3.png 350w\" sizes=\"auto, (max-width: 244px) 100vw, 244px\" \/><\/div><\/div><div id=\"pgc-1082-1-2\"  class=\"panel-grid-cell panel-grid-cell-empty\" ><\/div><\/div><div id=\"pg-1082-2\"  class=\"panel-grid panel-no-style\" ><div id=\"pgc-1082-2-0\"  class=\"panel-grid-cell\" ><div id=\"panel-1082-2-0-0\" class=\"so-panel widget widget_sow-editor panel-first-child panel-last-child\" data-index=\"2\" ><div\n\t\t\t\n\t\t\tclass=\"so-widget-sow-editor so-widget-sow-editor-base\"\n\t\t\t\n\t\t>\n<div class=\"siteorigin-widget-tinymce textwidget\">\n\t<h4>Beherrschung der mechanischen Konstruktion<\/h4>\n<p>Durch die Entwicklung eines kundenspezifischen Motors verf\u00fcgt der Kunde direkt \u00fcber alle Schnittstellen, die er in seinem Produkt ben\u00f6tigt. Dadurch wird vermieden, dass kostspielige und sperrige (mechanische oder elektrische) Anbauteile hinzugef\u00fcgt werden m\u00fcssen.<br \/>\nDenn bei den meisten Anwendungen ist das verf\u00fcgbare Volumen begrenzt. Electromag bietet L\u00f6sungen, bei denen der b\u00fcrstenlose Motor ein integraler Bestandteil des Endproduktes ist. Ein Leistungsnachlass aufgrund der doppelten Wandung und die daraus entstehenden Mehrkosten werden auf diese Weise vermieden.<\/p>\n<h2>Durchf\u00fchrung von Funktionspr\u00fcfungen<\/h2>\n<p>Funktionspr\u00fcfungen werden intern auf Basis der Spezifikationen oder gemeinsam mit unseren Kunden durchgef\u00fchrt.sont effectu\u00e9s en interne sur la base du cahier des charges ou conjointement avec nos clients.<\/p>\n<\/div>\n<\/div><\/div><\/div><\/div><div id=\"pg-1082-3\"  class=\"panel-grid panel-no-style\" ><div id=\"pgc-1082-3-0\"  class=\"panel-grid-cell\" ><div id=\"panel-1082-3-0-0\" class=\"so-panel widget widget_media_image panel-first-child panel-last-child\" data-index=\"3\" ><img loading=\"lazy\" decoding=\"async\" width=\"600\" height=\"400\" src=\"https:\/\/www.electromagmotor.com\/wp-content\/uploads\/2018\/06\/produits-principales_etapes-4-768x512.jpg\" class=\"image wp-image-709  attachment-600x400 size-600x400\" alt=\"\" style=\"max-width: 100%; height: auto;\" srcset=\"https:\/\/www.electromagmotor.com\/wp-content\/uploads\/2018\/06\/produits-principales_etapes-4-768x512.jpg 768w, https:\/\/www.electromagmotor.com\/wp-content\/uploads\/2018\/06\/produits-principales_etapes-4-300x200.jpg 300w, https:\/\/www.electromagmotor.com\/wp-content\/uploads\/2018\/06\/produits-principales_etapes-4-1024x683.jpg 1024w\" sizes=\"auto, (max-width: 600px) 100vw, 600px\" \/><\/div><\/div><div id=\"pgc-1082-3-1\"  class=\"panel-grid-cell\" ><div id=\"panel-1082-3-1-0\" class=\"so-panel widget widget_media_image panel-first-child panel-last-child\" data-index=\"4\" ><img loading=\"lazy\" decoding=\"async\" width=\"1024\" height=\"683\" src=\"https:\/\/www.electromagmotor.com\/wp-content\/uploads\/2018\/08\/MG_0398_r-1024x683.jpg\" class=\"image wp-image-1332  attachment-large size-large\" alt=\"\" style=\"max-width: 100%; height: auto;\" srcset=\"https:\/\/www.electromagmotor.com\/wp-content\/uploads\/2018\/08\/MG_0398_r-1024x683.jpg 1024w, https:\/\/www.electromagmotor.com\/wp-content\/uploads\/2018\/08\/MG_0398_r-300x200.jpg 300w, https:\/\/www.electromagmotor.com\/wp-content\/uploads\/2018\/08\/MG_0398_r-768x512.jpg 768w, https:\/\/www.electromagmotor.com\/wp-content\/uploads\/2018\/08\/MG_0398_r.jpg 1920w\" sizes=\"auto, (max-width: 1024px) 100vw, 1024px\" \/><\/div><\/div><\/div><div id=\"pg-1082-4\"  class=\"panel-grid panel-no-style\" ><div id=\"pgc-1082-4-0\"  class=\"panel-grid-cell\" ><div id=\"panel-1082-4-0-0\" class=\"so-panel widget widget_sow-editor panel-first-child panel-last-child\" data-index=\"5\" ><div\n\t\t\t\n\t\t\tclass=\"so-widget-sow-editor so-widget-sow-editor-base\"\n\t\t\t\n\t\t>\n<div class=\"siteorigin-widget-tinymce textwidget\">\n\t<h2>Industrialisierung<\/h2>\n<p>Electromag hat ein Team von Prozessingenieuren, die daf\u00fcr zust\u00e4ndig sind, die Ausr\u00fcstung (Maschinen, Werkzeuge) zu spezifizieren, zu entwerfen und zu validieren, die die Montage von Motoren in der Produktion erm\u00f6glicht, w\u00e4hrend gleichzeitig die vollkommene Wiederholbarkeit der Parameter (Elektrik, L\u00e4rm....) und eine hohe Leistungsf\u00e4higkeit angestrebt werden.<\/p>\n<\/div>\n<\/div><\/div><\/div><\/div><div id=\"pg-1082-5\"  class=\"panel-grid panel-no-style\" ><div id=\"pgc-1082-5-0\"  class=\"panel-grid-cell\" ><div id=\"panel-1082-5-0-0\" class=\"so-panel widget widget_media_image panel-first-child panel-last-child\" data-index=\"6\" ><img loading=\"lazy\" decoding=\"async\" width=\"547\" height=\"400\" src=\"https:\/\/www.electromagmotor.com\/wp-content\/uploads\/2018\/06\/produits-principales_etapes-7-768x561.jpg\" class=\"image wp-image-706  attachment-547x400 size-547x400\" alt=\"\" style=\"max-width: 100%; height: auto;\" srcset=\"https:\/\/www.electromagmotor.com\/wp-content\/uploads\/2018\/06\/produits-principales_etapes-7-768x561.jpg 768w, https:\/\/www.electromagmotor.com\/wp-content\/uploads\/2018\/06\/produits-principales_etapes-7-300x219.jpg 300w, https:\/\/www.electromagmotor.com\/wp-content\/uploads\/2018\/06\/produits-principales_etapes-7-1024x748.jpg 1024w, https:\/\/www.electromagmotor.com\/wp-content\/uploads\/2018\/06\/produits-principales_etapes-7-e1543415009661.jpg 500w\" sizes=\"auto, (max-width: 547px) 100vw, 547px\" \/><\/div><\/div><div id=\"pgc-1082-5-1\"  class=\"panel-grid-cell\" ><div id=\"panel-1082-5-1-0\" class=\"so-panel widget widget_media_image panel-first-child panel-last-child\" data-index=\"7\" ><img loading=\"lazy\" decoding=\"async\" width=\"2053\" height=\"1500\" src=\"https:\/\/www.electromagmotor.com\/wp-content\/uploads\/2018\/06\/produits-principales_etapes-6.jpeg\" class=\"image wp-image-726  attachment-full size-full\" alt=\"\" style=\"max-width: 100%; height: auto;\" srcset=\"https:\/\/www.electromagmotor.com\/wp-content\/uploads\/2018\/06\/produits-principales_etapes-6.jpeg 2053w, https:\/\/www.electromagmotor.com\/wp-content\/uploads\/2018\/06\/produits-principales_etapes-6-300x219.jpeg 300w, https:\/\/www.electromagmotor.com\/wp-content\/uploads\/2018\/06\/produits-principales_etapes-6-768x561.jpeg 768w, https:\/\/www.electromagmotor.com\/wp-content\/uploads\/2018\/06\/produits-principales_etapes-6-1024x748.jpeg 1024w\" sizes=\"auto, (max-width: 2053px) 100vw, 2053px\" \/><\/div><\/div><\/div><\/div>","protected":false},"excerpt":{"rendered":"<p class=\"event-desc\">Die Hauptstadien der Entwicklung Erarbeitung der Spezifikationen Aufbauend auf unserer umfassenden Entwicklungserfahrung fertigen wir den Vorgaben entsprechend b\u00fcrstenlose Motoren, die spezifischen Anwendungen dienen und individuell auf den jeweiligen Kunden ausgerichtet sind. Unsere Ingenieure sind in der Lage, neue b\u00fcrstenlose Motoren  [&#8230;]<\/p>\n","protected":false},"author":1,"featured_media":0,"parent":972,"menu_order":71,"comment_status":"closed","ping_status":"closed","template":"","meta":{"_acf_changed":false,"footnotes":""},"class_list":["post-1082","page","type-page","status-publish","hentry"],"acf":[],"_links":{"self":[{"href":"https:\/\/www.electromagmotor.com\/de\/wp-json\/wp\/v2\/pages\/1082","targetHints":{"allow":["GET"]}}],"collection":[{"href":"https:\/\/www.electromagmotor.com\/de\/wp-json\/wp\/v2\/pages"}],"about":[{"href":"https:\/\/www.electromagmotor.com\/de\/wp-json\/wp\/v2\/types\/page"}],"author":[{"embeddable":true,"href":"https:\/\/www.electromagmotor.com\/de\/wp-json\/wp\/v2\/users\/1"}],"replies":[{"embeddable":true,"href":"https:\/\/www.electromagmotor.com\/de\/wp-json\/wp\/v2\/comments?post=1082"}],"version-history":[{"count":13,"href":"https:\/\/www.electromagmotor.com\/de\/wp-json\/wp\/v2\/pages\/1082\/revisions"}],"predecessor-version":[{"id":1372,"href":"https:\/\/www.electromagmotor.com\/de\/wp-json\/wp\/v2\/pages\/1082\/revisions\/1372"}],"up":[{"embeddable":true,"href":"https:\/\/www.electromagmotor.com\/de\/wp-json\/wp\/v2\/pages\/972"}],"wp:attachment":[{"href":"https:\/\/www.electromagmotor.com\/de\/wp-json\/wp\/v2\/media?parent=1082"}],"curies":[{"name":"wp","href":"https:\/\/api.w.org\/{rel}","templated":true}]}}