{"id":1076,"date":"2018-06-13T11:40:46","date_gmt":"2018-06-13T09:40:46","guid":{"rendered":"http:\/\/www.electromagmotor.com\/produkte\/resoudre-des-challenges-techniques\/"},"modified":"2018-08-13T11:32:11","modified_gmt":"2018-08-13T09:32:11","slug":"technische-herausforderungen-bewaeltigen","status":"publish","type":"page","link":"https:\/\/www.electromagmotor.com\/de\/expertise\/technische-herausforderungen-bewaeltigen\/","title":{"rendered":"Technische Herausforderungen bew\u00e4ltigen"},"content":{"rendered":"<div id=\"pl-1076\"  class=\"panel-layout\" ><div id=\"pg-1076-0\"  class=\"panel-grid panel-no-style\" ><div id=\"pgc-1076-0-0\"  class=\"panel-grid-cell\" ><div id=\"panel-1076-0-0-0\" class=\"so-panel widget widget_sow-editor panel-first-child panel-last-child\" data-index=\"0\" ><div\n\t\t\t\n\t\t\tclass=\"so-widget-sow-editor so-widget-sow-editor-base\"\n\t\t\t\n\t\t>\n<div class=\"siteorigin-widget-tinymce textwidget\">\n\t<h1>Technische Herausforderungen bew\u00e4ltigen<\/h1>\n<p>Jede Anwendung, bei der ein b\u00fcrstenloser Motor von Electromag zum Einsatz kommt, birgt eine technische Herausforderung. In den meisten F\u00e4llen besteht die Hauptaufgabe darin, nicht nur bei den ersten Testprototypen, sondern bei allen Serienmotoren ein extrem niedriges Schwingungs- und Ger\u00e4uschniveau zu erreichen.<br \/>\nIn bestimmten anderen F\u00e4llen m\u00fcssen die Motoren in schwierigen Umgebungsbedingungen arbeiten (mit Sauerstoff angereicherte Atmosph\u00e4re, wiederholte Sterilisierzyklen...). In wieder anderen F\u00e4llen m\u00fcssen die Motoren unter strengen geometrischen Anforderungen (Volumen, Gewicht oder Form) eine hohe Leistung liefern.<\/p>\n<\/div>\n<\/div><\/div><\/div><\/div><div id=\"pg-1076-1\"  class=\"panel-grid panel-no-style\" ><div id=\"pgc-1076-1-0\"  class=\"panel-grid-cell\" ><div id=\"panel-1076-1-0-0\" class=\"so-panel widget widget_media_image panel-first-child panel-last-child\" data-index=\"1\" ><img loading=\"lazy\" decoding=\"async\" width=\"347\" height=\"250\" src=\"https:\/\/www.electromagmotor.com\/wp-content\/uploads\/2018\/06\/produits-resoudre-1-768x553.jpg\" class=\"image wp-image-601  attachment-347x250 size-347x250\" alt=\"\" style=\"max-width: 100%; height: auto;\" srcset=\"https:\/\/www.electromagmotor.com\/wp-content\/uploads\/2018\/06\/produits-resoudre-1-768x553.jpg 768w, https:\/\/www.electromagmotor.com\/wp-content\/uploads\/2018\/06\/produits-resoudre-1-300x216.jpg 300w, https:\/\/www.electromagmotor.com\/wp-content\/uploads\/2018\/06\/produits-resoudre-1-1024x737.jpg 1024w\" sizes=\"auto, (max-width: 347px) 100vw, 347px\" \/><\/div><\/div><\/div><\/div>","protected":false},"excerpt":{"rendered":"<p class=\"event-desc\">Technische Herausforderungen bew\u00e4ltigen Jede Anwendung, bei der ein b\u00fcrstenloser Motor von Electromag zum Einsatz kommt, birgt eine technische Herausforderung. In den meisten F\u00e4llen besteht die Hauptaufgabe darin, nicht nur bei den ersten Testprototypen, sondern bei allen Serienmotoren ein extrem niedriges  [&#8230;]<\/p>\n","protected":false},"author":1,"featured_media":0,"parent":972,"menu_order":60,"comment_status":"closed","ping_status":"closed","template":"","meta":{"_acf_changed":false,"footnotes":""},"class_list":["post-1076","page","type-page","status-publish","hentry"],"acf":[],"_links":{"self":[{"href":"https:\/\/www.electromagmotor.com\/de\/wp-json\/wp\/v2\/pages\/1076","targetHints":{"allow":["GET"]}}],"collection":[{"href":"https:\/\/www.electromagmotor.com\/de\/wp-json\/wp\/v2\/pages"}],"about":[{"href":"https:\/\/www.electromagmotor.com\/de\/wp-json\/wp\/v2\/types\/page"}],"author":[{"embeddable":true,"href":"https:\/\/www.electromagmotor.com\/de\/wp-json\/wp\/v2\/users\/1"}],"replies":[{"embeddable":true,"href":"https:\/\/www.electromagmotor.com\/de\/wp-json\/wp\/v2\/comments?post=1076"}],"version-history":[{"count":4,"href":"https:\/\/www.electromagmotor.com\/de\/wp-json\/wp\/v2\/pages\/1076\/revisions"}],"predecessor-version":[{"id":1268,"href":"https:\/\/www.electromagmotor.com\/de\/wp-json\/wp\/v2\/pages\/1076\/revisions\/1268"}],"up":[{"embeddable":true,"href":"https:\/\/www.electromagmotor.com\/de\/wp-json\/wp\/v2\/pages\/972"}],"wp:attachment":[{"href":"https:\/\/www.electromagmotor.com\/de\/wp-json\/wp\/v2\/media?parent=1076"}],"curies":[{"name":"wp","href":"https:\/\/api.w.org\/{rel}","templated":true}]}}