{"id":1052,"date":"2018-05-31T12:41:51","date_gmt":"2018-05-31T10:41:51","guid":{"rendered":"http:\/\/www.electromagmotor.com\/unternehmen\/valeurs\/"},"modified":"2020-11-02T16:51:16","modified_gmt":"2020-11-02T15:51:16","slug":"zu-unsere-werte","status":"publish","type":"page","link":"https:\/\/www.electromagmotor.com\/de\/unternehmen\/zu-unsere-werte\/","title":{"rendered":"Zu unseren Werten"},"content":{"rendered":"<h1>Zu unseren Werten<\/h1>\n<h3>Electromag verpflichtet sich der Einhaltung folgender 10 Werte:<\/h3>\n<ol id=\"liste-valeurs\" style=\"font-weight: 500;\">\n<li>Wir sind bestrebt, unseren Kunden ein hohes Mass an Zufriedenheit zu bieten.<\/li>\n<li>Wir h\u00f6ren auf unsere Kunden, um deren Bed\u00fcrfnisse zu verstehen und bieten ihnen perfekt abgestimmte L\u00f6sungen und technische Beratung.<\/li>\n<li>Wir sind der Qualit\u00e4t unserer Produkte und Dienstleistungen verpflichtet.<\/li>\n<li>Wir bleiben an der Spitze des technischen Wissens und f\u00f6rdern Innovation.<\/li>\n<li>Wir f\u00f6rdern Teamarbeit und den Willen, gemeinsam zu gewinnen.<\/li>\n<li>Wir sind der kontinuierlichen Verbesserung verpflichtet.<\/li>\n<li>Wir f\u00f6rdern die Entwicklung unserer Mitarbeiter.<\/li>\n<li>Wir entwickeln Win-Win- und dauerhafte Gesch\u00e4ftsbeziehungen mit unseren Lieferanten.<\/li>\n<li>Wir sind der Integrit\u00e4t und Ehrlichkeit verpflichtet.<\/li>\n<li>Wir sind ein \u00f6kologisch verantwortungsbewusster Player.<\/li>\n<\/ol>\n","protected":false},"excerpt":{"rendered":"<p class=\"event-desc\">Zu unseren Werten<br \/>\nElectromag verpflichtet sich der Einhaltung folgender 10 Werte:<\/p>\n<p class=\"event-desc\">Wir sind bestrebt, unseren Kunden ein hohes Mass an Zufriedenheit zu bieten.<br \/>\nWir h\u00f6ren auf unsere Kunden, um deren Bed\u00fcrfnisse zu verstehen und bieten ihnen perfekt abgestimmte L\u00f6sungen und technische Beratung.<br \/>\nWir sind  [&#8230;]<\/p>\n","protected":false},"author":1,"featured_media":0,"parent":963,"menu_order":88,"comment_status":"closed","ping_status":"closed","template":"","meta":{"_acf_changed":false,"footnotes":""},"class_list":["post-1052","page","type-page","status-publish","hentry"],"acf":[],"_links":{"self":[{"href":"https:\/\/www.electromagmotor.com\/de\/wp-json\/wp\/v2\/pages\/1052","targetHints":{"allow":["GET"]}}],"collection":[{"href":"https:\/\/www.electromagmotor.com\/de\/wp-json\/wp\/v2\/pages"}],"about":[{"href":"https:\/\/www.electromagmotor.com\/de\/wp-json\/wp\/v2\/types\/page"}],"author":[{"embeddable":true,"href":"https:\/\/www.electromagmotor.com\/de\/wp-json\/wp\/v2\/users\/1"}],"replies":[{"embeddable":true,"href":"https:\/\/www.electromagmotor.com\/de\/wp-json\/wp\/v2\/comments?post=1052"}],"version-history":[{"count":13,"href":"https:\/\/www.electromagmotor.com\/de\/wp-json\/wp\/v2\/pages\/1052\/revisions"}],"predecessor-version":[{"id":3174,"href":"https:\/\/www.electromagmotor.com\/de\/wp-json\/wp\/v2\/pages\/1052\/revisions\/3174"}],"up":[{"embeddable":true,"href":"https:\/\/www.electromagmotor.com\/de\/wp-json\/wp\/v2\/pages\/963"}],"wp:attachment":[{"href":"https:\/\/www.electromagmotor.com\/de\/wp-json\/wp\/v2\/media?parent=1052"}],"curies":[{"name":"wp","href":"https:\/\/api.w.org\/{rel}","templated":true}]}}